{"id":785,"date":"2022-08-01T09:58:17","date_gmt":"2022-08-01T02:58:17","guid":{"rendered":"http:\/\/namthien.southteam.co\/?page_id=785"},"modified":"2022-08-01T09:58:17","modified_gmt":"2022-08-01T02:58:17","slug":"services","status":"publish","type":"page","link":"https:\/\/namthien.vn\/en\/services\/","title":{"rendered":"Services"},"content":{"rendered":"<div class=\"wpb-content-wrapper\"><p>[vc_row][vc_column]\t<div class=\"applicate-area applicate-grid\">\n    <div class=\"row\">\n \t\t<div class=\"col-lg-4 col-sm-6\">\n        \n<article class=\"post-824 service type-service status-publish has-post-thumbnail hentry\" id=\"post-824\">\n    <div class=\"appicate-item\">\n        <div class=\"appicate-item-inner\">\n            <div class=\"thumbnail\">\n                <a href=\"https:\/\/namthien.vn\/en\/dich-vu\/warranty-according-to-the-contract-period\/\"><img loading=\"lazy\" decoding=\"async\" width=\"1200\" height=\"800\" src=\"https:\/\/namthien.vn\/wp-content\/uploads\/2022\/06\/inner_2.jpg\" class=\"attachment-post-thumbnail size-post-thumbnail wp-post-image\" alt=\"\" srcset=\"https:\/\/namthien.vn\/wp-content\/uploads\/2022\/06\/inner_2.jpg 1200w, https:\/\/namthien.vn\/wp-content\/uploads\/2022\/06\/inner_2-300x200.jpg 300w, https:\/\/namthien.vn\/wp-content\/uploads\/2022\/06\/inner_2-1024x683.jpg 1024w, https:\/\/namthien.vn\/wp-content\/uploads\/2022\/06\/inner_2-768x512.jpg 768w\" sizes=\"auto, (max-width: 1200px) 100vw, 1200px\" \/><\/a>\n            <\/div>\n            <div class=\"appicate-item-content\">\n            <h4 class=\"title\">\n\t\t\t\t<a href=\"https:\/\/namthien.vn\/en\/dich-vu\/warranty-according-to-the-contract-period\/\">Warranty according to the contract period<\/a>\n\t\t\t\t<a href=\"https:\/\/namthien.vn\/en\/dich-vu\/warranty-according-to-the-contract-period\/\" class=\"plus\"><i class=\"ti-plus\"><\/i><\/a>\n            <\/h4>\n                <\/div>\n        <\/div>\n    <\/div>\n<\/article><!-- #post-## --><!-- #post-## -->\n\t\t\t<\/div>\n\t\t<div class=\"col-lg-4 col-sm-6\">\n        \n<article class=\"post-823 service type-service status-publish has-post-thumbnail hentry\" id=\"post-823\">\n    <div class=\"appicate-item\">\n        <div class=\"appicate-item-inner\">\n            <div class=\"thumbnail\">\n                <a href=\"https:\/\/namthien.vn\/en\/dich-vu\/design-and-installation-consulting-to-optimize-steam-system-energy\/\"><img loading=\"lazy\" decoding=\"async\" width=\"1200\" height=\"800\" src=\"https:\/\/namthien.vn\/wp-content\/uploads\/2022\/06\/inner_3.jpg\" class=\"attachment-post-thumbnail size-post-thumbnail wp-post-image\" alt=\"\" srcset=\"https:\/\/namthien.vn\/wp-content\/uploads\/2022\/06\/inner_3.jpg 1200w, https:\/\/namthien.vn\/wp-content\/uploads\/2022\/06\/inner_3-300x200.jpg 300w, https:\/\/namthien.vn\/wp-content\/uploads\/2022\/06\/inner_3-1024x683.jpg 1024w, https:\/\/namthien.vn\/wp-content\/uploads\/2022\/06\/inner_3-768x512.jpg 768w\" sizes=\"auto, (max-width: 1200px) 100vw, 1200px\" \/><\/a>\n            <\/div>\n            <div class=\"appicate-item-content\">\n            <h4 class=\"title\">\n\t\t\t\t<a href=\"https:\/\/namthien.vn\/en\/dich-vu\/design-and-installation-consulting-to-optimize-steam-system-energy\/\">Design and installation consulting to optimize steam system energy<\/a>\n\t\t\t\t<a href=\"https:\/\/namthien.vn\/en\/dich-vu\/design-and-installation-consulting-to-optimize-steam-system-energy\/\" class=\"plus\"><i class=\"ti-plus\"><\/i><\/a>\n            <\/h4>\n                <\/div>\n        <\/div>\n    <\/div>\n<\/article><!-- #post-## --><!-- #post-## -->\n\t\t\t<\/div>\n\t\t<div class=\"col-lg-4 col-sm-6\">\n        \n<article class=\"post-821 service type-service status-publish has-post-thumbnail hentry\" id=\"post-821\">\n    <div class=\"appicate-item\">\n        <div class=\"appicate-item-inner\">\n            <div class=\"thumbnail\">\n                <a href=\"https:\/\/namthien.vn\/en\/dich-vu\/consulting-on-design-and-installation-of-steam-systems\/\"><img loading=\"lazy\" decoding=\"async\" width=\"1200\" height=\"800\" src=\"https:\/\/namthien.vn\/wp-content\/uploads\/2022\/06\/inner_6.jpg\" class=\"attachment-post-thumbnail size-post-thumbnail wp-post-image\" alt=\"\" srcset=\"https:\/\/namthien.vn\/wp-content\/uploads\/2022\/06\/inner_6.jpg 1200w, https:\/\/namthien.vn\/wp-content\/uploads\/2022\/06\/inner_6-300x200.jpg 300w, https:\/\/namthien.vn\/wp-content\/uploads\/2022\/06\/inner_6-1024x683.jpg 1024w, https:\/\/namthien.vn\/wp-content\/uploads\/2022\/06\/inner_6-768x512.jpg 768w\" sizes=\"auto, (max-width: 1200px) 100vw, 1200px\" \/><\/a>\n            <\/div>\n            <div class=\"appicate-item-content\">\n            <h4 class=\"title\">\n\t\t\t\t<a href=\"https:\/\/namthien.vn\/en\/dich-vu\/consulting-on-design-and-installation-of-steam-systems\/\">Consulting on design and installation of steam systems<\/a>\n\t\t\t\t<a href=\"https:\/\/namthien.vn\/en\/dich-vu\/consulting-on-design-and-installation-of-steam-systems\/\" class=\"plus\"><i class=\"ti-plus\"><\/i><\/a>\n            <\/h4>\n                <\/div>\n        <\/div>\n    <\/div>\n<\/article><!-- #post-## --><!-- #post-## -->\n\t\t\t<\/div>\n    <\/div>\n    <\/div>\t\n\t[\/vc_column][\/vc_row]<\/p>\n<\/div>","protected":false},"excerpt":{"rendered":"<p>[vc_row][vc_column][\/vc_column][\/vc_row]<\/p>\n","protected":false},"author":1,"featured_media":0,"parent":0,"menu_order":0,"comment_status":"closed","ping_status":"closed","template":"page-templates\/fullwidthpage.php","meta":{"footnotes":""},"class_list":["post-785","page","type-page","status-publish","hentry"],"acf":[],"yoast_head":"<!-- This site is optimized with the Yoast SEO plugin v26.7 - https:\/\/yoast.com\/wordpress\/plugins\/seo\/ -->\n<title>Services - C\u01a0 KH\u00cd NAM THI\u00caN<\/title>\n<meta name=\"robots\" content=\"index, follow, max-snippet:-1, max-image-preview:large, max-video-preview:-1\" \/>\n<link rel=\"canonical\" href=\"https:\/\/namthien.vn\/en\/services\/\" \/>\n<meta property=\"og:locale\" content=\"en_US\" \/>\n<meta property=\"og:type\" content=\"article\" \/>\n<meta property=\"og:title\" content=\"Services - C\u01a0 KH\u00cd NAM THI\u00caN\" \/>\n<meta property=\"og:description\" content=\"[vc_row][vc_column][\/vc_column][\/vc_row]\" \/>\n<meta property=\"og:url\" content=\"https:\/\/namthien.vn\/en\/services\/\" \/>\n<meta property=\"og:site_name\" content=\"C\u01a0 KH\u00cd NAM THI\u00caN\" \/>\n<meta name=\"twitter:card\" content=\"summary_large_image\" \/>\n<meta name=\"twitter:label1\" content=\"Est. reading time\" \/>\n\t<meta name=\"twitter:data1\" content=\"1 minute\" \/>\n<script type=\"application\/ld+json\" class=\"yoast-schema-graph\">{\"@context\":\"https:\/\/schema.org\",\"@graph\":[{\"@type\":\"WebPage\",\"@id\":\"https:\/\/namthien.vn\/en\/services\/\",\"url\":\"https:\/\/namthien.vn\/en\/services\/\",\"name\":\"Services - C\u01a0 KH\u00cd NAM THI\u00caN\",\"isPartOf\":{\"@id\":\"https:\/\/namthien.vn\/#website\"},\"datePublished\":\"2022-08-01T02:58:17+00:00\",\"breadcrumb\":{\"@id\":\"https:\/\/namthien.vn\/en\/services\/#breadcrumb\"},\"inLanguage\":\"en-US\",\"potentialAction\":[{\"@type\":\"ReadAction\",\"target\":[\"https:\/\/namthien.vn\/en\/services\/\"]}]},{\"@type\":\"BreadcrumbList\",\"@id\":\"https:\/\/namthien.vn\/en\/services\/#breadcrumb\",\"itemListElement\":[{\"@type\":\"ListItem\",\"position\":1,\"name\":\"Trang ch\u1ee7\",\"item\":\"https:\/\/namthien.vn\/en\/\"},{\"@type\":\"ListItem\",\"position\":2,\"name\":\"Services\"}]},{\"@type\":\"WebSite\",\"@id\":\"https:\/\/namthien.vn\/#website\",\"url\":\"https:\/\/namthien.vn\/\",\"name\":\"C\u01a0 KH\u00cd NAM THI\u00caN\",\"description\":\"Chuy\u00ean cung c\u1ea5p c\u00e1c thi\u1ebft b\u1ecb van, l\u00f2 h\u01a1i v\u00e0 ph\u1ee5 t\u00f9ng c\u00f4ng nghi\u1ec7p\",\"potentialAction\":[{\"@type\":\"SearchAction\",\"target\":{\"@type\":\"EntryPoint\",\"urlTemplate\":\"https:\/\/namthien.vn\/?s={search_term_string}\"},\"query-input\":{\"@type\":\"PropertyValueSpecification\",\"valueRequired\":true,\"valueName\":\"search_term_string\"}}],\"inLanguage\":\"en-US\"}]}<\/script>\n<!-- \/ Yoast SEO plugin. -->","yoast_head_json":{"title":"Services - C\u01a0 KH\u00cd NAM THI\u00caN","robots":{"index":"index","follow":"follow","max-snippet":"max-snippet:-1","max-image-preview":"max-image-preview:large","max-video-preview":"max-video-preview:-1"},"canonical":"https:\/\/namthien.vn\/en\/services\/","og_locale":"en_US","og_type":"article","og_title":"Services - C\u01a0 KH\u00cd NAM THI\u00caN","og_description":"[vc_row][vc_column][\/vc_column][\/vc_row]","og_url":"https:\/\/namthien.vn\/en\/services\/","og_site_name":"C\u01a0 KH\u00cd NAM THI\u00caN","twitter_card":"summary_large_image","twitter_misc":{"Est. reading time":"1 minute"},"schema":{"@context":"https:\/\/schema.org","@graph":[{"@type":"WebPage","@id":"https:\/\/namthien.vn\/en\/services\/","url":"https:\/\/namthien.vn\/en\/services\/","name":"Services - C\u01a0 KH\u00cd NAM THI\u00caN","isPartOf":{"@id":"https:\/\/namthien.vn\/#website"},"datePublished":"2022-08-01T02:58:17+00:00","breadcrumb":{"@id":"https:\/\/namthien.vn\/en\/services\/#breadcrumb"},"inLanguage":"en-US","potentialAction":[{"@type":"ReadAction","target":["https:\/\/namthien.vn\/en\/services\/"]}]},{"@type":"BreadcrumbList","@id":"https:\/\/namthien.vn\/en\/services\/#breadcrumb","itemListElement":[{"@type":"ListItem","position":1,"name":"Trang ch\u1ee7","item":"https:\/\/namthien.vn\/en\/"},{"@type":"ListItem","position":2,"name":"Services"}]},{"@type":"WebSite","@id":"https:\/\/namthien.vn\/#website","url":"https:\/\/namthien.vn\/","name":"C\u01a0 KH\u00cd NAM THI\u00caN","description":"Chuy\u00ean cung c\u1ea5p c\u00e1c thi\u1ebft b\u1ecb van, l\u00f2 h\u01a1i v\u00e0 ph\u1ee5 t\u00f9ng c\u00f4ng nghi\u1ec7p","potentialAction":[{"@type":"SearchAction","target":{"@type":"EntryPoint","urlTemplate":"https:\/\/namthien.vn\/?s={search_term_string}"},"query-input":{"@type":"PropertyValueSpecification","valueRequired":true,"valueName":"search_term_string"}}],"inLanguage":"en-US"}]}},"_links":{"self":[{"href":"https:\/\/namthien.vn\/en\/wp-json\/wp\/v2\/pages\/785","targetHints":{"allow":["GET"]}}],"collection":[{"href":"https:\/\/namthien.vn\/en\/wp-json\/wp\/v2\/pages"}],"about":[{"href":"https:\/\/namthien.vn\/en\/wp-json\/wp\/v2\/types\/page"}],"author":[{"embeddable":true,"href":"https:\/\/namthien.vn\/en\/wp-json\/wp\/v2\/users\/1"}],"replies":[{"embeddable":true,"href":"https:\/\/namthien.vn\/en\/wp-json\/wp\/v2\/comments?post=785"}],"version-history":[{"count":2,"href":"https:\/\/namthien.vn\/en\/wp-json\/wp\/v2\/pages\/785\/revisions"}],"predecessor-version":[{"id":787,"href":"https:\/\/namthien.vn\/en\/wp-json\/wp\/v2\/pages\/785\/revisions\/787"}],"wp:attachment":[{"href":"https:\/\/namthien.vn\/en\/wp-json\/wp\/v2\/media?parent=785"}],"curies":[{"name":"wp","href":"https:\/\/api.w.org\/{rel}","templated":true}]}}