{"id":803,"date":"2022-08-01T10:14:21","date_gmt":"2022-08-01T03:14:21","guid":{"rendered":"http:\/\/namthien.southteam.co\/?page_id=803"},"modified":"2025-01-21T15:21:41","modified_gmt":"2025-01-21T08:21:41","slug":"contact","status":"publish","type":"page","link":"https:\/\/namthien.vn\/en\/contact\/","title":{"rendered":"Contact"},"content":{"rendered":"<div class=\"wpb-content-wrapper\"><p>[vc_row css=&#8221;.vc_custom_1559548963532{padding-bottom: 35px !important;}&#8221;][vc_column width=&#8221;7\/12&#8243; css=&#8221;.vc_custom_1530458307049{padding-top: 35px !important;padding-right: 15px !important;padding-bottom: 35px !important;padding-left: 15px !important;background-color: #f5f6f6 !important;}&#8221;][vc_custom_heading text=&#8221;Contact Form&#8221; use_theme_fonts=&#8221;yes&#8221; el_class=&#8221;text-uppercase text-primary text-oswald mb-1&#8243;]<div class=\"wt-separator-outer \">\n                                    <div class=\"wt-separator style-square\">\n                                        <span class=\"separator-left bg-primary\"><\/span>\n                                        <span class=\"separator-right bg-primary\"><\/span>\n                                    <\/div>\n                                <\/div>\n[vc_empty_space height=&#8221;10px&#8221;]\n<div class=\"wpcf7 no-js\" id=\"wpcf7-f893-o1\" lang=\"vi\" dir=\"ltr\" data-wpcf7-id=\"893\">\n<div class=\"screen-reader-response\"><p role=\"status\" aria-live=\"polite\" aria-atomic=\"true\"><\/p> <ul><\/ul><\/div>\n<form action=\"\/en\/wp-json\/wp\/v2\/pages\/803#wpcf7-f893-o1\" method=\"post\" class=\"wpcf7-form init\" aria-label=\"Form li\u00ean h\u1ec7\" novalidate=\"novalidate\" data-status=\"init\">\n<fieldset class=\"hidden-fields-container\"><input type=\"hidden\" name=\"_wpcf7\" value=\"893\" \/><input type=\"hidden\" name=\"_wpcf7_version\" value=\"6.1.4\" \/><input type=\"hidden\" name=\"_wpcf7_locale\" value=\"vi\" \/><input type=\"hidden\" name=\"_wpcf7_unit_tag\" value=\"wpcf7-f893-o1\" \/><input type=\"hidden\" name=\"_wpcf7_container_post\" value=\"0\" \/><input type=\"hidden\" name=\"_wpcf7_posted_data_hash\" value=\"\" \/>\n<\/fieldset>\n<div class=\"row\">\n\t<div class=\"col-md-6\">\n\t\t<p><span class=\"wpcf7-form-control-wrap\" data-name=\"your-name\"><input size=\"40\" maxlength=\"400\" class=\"wpcf7-form-control wpcf7-text wpcf7-validates-as-required rounded-0 mb-3 p-2\" aria-required=\"true\" aria-invalid=\"false\" placeholder=\"Fullname\" value=\"\" type=\"text\" name=\"your-name\" \/><\/span>\n\t\t<\/p>\n\t<\/div>\n\t<div class=\"col-md-6\">\n\t\t<p><span class=\"wpcf7-form-control-wrap\" data-name=\"your-email\"><input size=\"40\" maxlength=\"400\" class=\"wpcf7-form-control wpcf7-email wpcf7-validates-as-required wpcf7-text wpcf7-validates-as-email rounded-0 mb-3 p-2\" aria-required=\"true\" aria-invalid=\"false\" placeholder=\"Email\" value=\"\" type=\"email\" name=\"your-email\" \/><\/span>\n\t\t<\/p>\n\t<\/div>\n\t<div class=\"col-md-6\">\n\t\t<p><span class=\"wpcf7-form-control-wrap\" data-name=\"tel-822\"><input size=\"40\" maxlength=\"400\" class=\"wpcf7-form-control wpcf7-tel wpcf7-text wpcf7-validates-as-tel rounded-0 mb-3 p-2\" aria-invalid=\"false\" placeholder=\"Phone Number\" value=\"\" type=\"tel\" name=\"tel-822\" \/><\/span>\n\t\t<\/p>\n\t<\/div>\n\t<div class=\"col-md-6\">\n\t\t<p><span class=\"wpcf7-form-control-wrap\" data-name=\"your-subject\"><input size=\"40\" maxlength=\"400\" class=\"wpcf7-form-control wpcf7-text rounded-0 mb-3 p-2\" aria-invalid=\"false\" placeholder=\"Subject\" value=\"\" type=\"text\" name=\"your-subject\" \/><\/span>\n\t\t<\/p>\n\t<\/div>\n\t<div class=\"col-12\">\n\t\t<p><span class=\"wpcf7-form-control-wrap\" data-name=\"your-message\"><textarea cols=\"10\" rows=\"4\" maxlength=\"2000\" class=\"wpcf7-form-control wpcf7-textarea rounded-0 mb-3 p-2\" aria-invalid=\"false\" placeholder=\"Message\" name=\"your-message\"><\/textarea><\/span>\n\t\t<\/p>\n\t<\/div>\n\t<div class=\"col-md-6\">\n\t\t<p><label>Please enter the capcha <input type=\"hidden\" name=\"_wpcf7_captcha_challenge_captcha-1\" value=\"2968732130\" \/><img loading=\"lazy\" decoding=\"async\" class=\"wpcf7-form-control wpcf7-captchac wpcf7-captcha-captcha-1\" width=\"72\" height=\"24\" alt=\"captcha\" src=\"https:\/\/namthien.vn\/wp-content\/uploads\/wpcf7_captcha\/2968732130.png\" \/><\/label>\n\t\t<\/p>\n\t<\/div>\n\t<div class=\"col-md-6\">\n\t\t<p><span class=\"wpcf7-form-control-wrap\" data-name=\"captcha-1\"><input size=\"40\" class=\"wpcf7-form-control wpcf7-captchar\" autocomplete=\"off\" aria-invalid=\"false\" placeholder=\"Enter the capcha\" value=\"\" type=\"text\" name=\"captcha-1\" \/><\/span>\n\t\t<\/p>\n\t<\/div>\n\t<div class=\"col-lg-4\">\n\t\t<p><input class=\"wpcf7-form-control wpcf7-submit has-spinner btn btn-primary btn-block rounded-0\" type=\"submit\" value=\"Submit\" \/>\n\t\t<\/p>\n\t<\/div>\n<\/div><div class=\"wpcf7-response-output\" aria-hidden=\"true\"><\/div>\n<\/form>\n<\/div>\n[\/vc_column][vc_column width=&#8221;5\/12&#8243; el_class=&#8221;contact-info&#8221;][vc_custom_heading text=&#8221;Information Contact&#8221; use_theme_fonts=&#8221;yes&#8221; el_class=&#8221;text-uppercase text-primary text-oswald mb-1&#8243;]<div class=\"wt-separator-outer \">\n                                    <div class=\"wt-separator style-square\">\n                                        <span class=\"separator-left bg-primary\"><\/span>\n                                        <span class=\"separator-right bg-primary\"><\/span>\n                                    <\/div>\n                                <\/div>\n[vc_empty_space height=&#8221;10px&#8221;][vc_column_text el_class=&#8221;mb-1&#8243;]If you have any questions, please contact us with the following information:[\/vc_column_text]    <div class=\"item mb-2 icon-title-2\">\n        <div class=\"media align-items-center\"><i class=\"fa fa-2x fas fa-home bg-primary\"><\/i>\n            <div class=\"media-body\"> <h6 class=\"text-uppercase text-justify mb-0 text-oswald\">Main Office:<\/h6>\n                <p class=\"description text-justify m-0\">27 Street No. 7, B\u00ecnh Th\u1edbi, Ward 08, District 11, Ho Chi Minh City<\/p>\n            <\/div><\/div>\n    <\/div>\n    <div class=\"item mb-2 icon-title-2\">\n        <div class=\"media align-items-center\"><i class=\"fa fa-2x fas fa-phone bg-primary\"><\/i>\n            <div class=\"media-body\"> <h6 class=\"text-uppercase text-justify mb-0 text-oswald\">Phone<\/h6>\n                <p class=\"description text-justify m-0\">(+84) 28 35351086<\/p>\n            <\/div><\/div>\n    <\/div>\n    <div class=\"item mb-2 icon-title-2\">\n        <div class=\"media align-items-center\"><i class=\"fa fa-2x fas fa-envelope bg-primary\"><\/i>\n            <div class=\"media-body\"> <h6 class=\"text-uppercase text-justify mb-0 text-oswald\">Email<\/h6>\n                <p class=\"description text-justify m-0\">namthien@namthien.vn<\/p>\n            <\/div><\/div>\n    <\/div>\n[\/vc_column][\/vc_row][vc_row full_width=&#8221;stretch_row_content_no_spaces&#8221;][vc_column][vc_gmaps link=&#8221;#E-8_JTNDaWZyYW1lJTIwc3JjJTNEJTIyaHR0cHMlM0ElMkYlMkZ3d3cuZ29vZ2xlLmNvbSUyRm1hcHMlMkZlbWJlZCUzRnBiJTNEJTIxMW0xNCUyMTFtOCUyMTFtMyUyMTFkMTI1NDI4LjI4NzEwOTM3MjU2JTIxMmQxMDYuNjQ3ODQ3JTIxM2QxMC43NjI2NjclMjEzbTIlMjExaTEwMjQlMjEyaTc2OCUyMTRmMTMuMSUyMTNtMyUyMTFtMiUyMTFzMHgwJTI1M0EweDY4YjIzYjBhYTBiNDI3Y2IlMjEyelE4TzBibWNnVkhrZ1ZHNW9hQ0JEeHFFZ1MyakRyU0JPWVcwZ1ZHaHB3NnB1JTIxNWUwJTIxM20yJTIxMXNlbiUyMTJzdXMlMjE0djE2NTc2ODE3OTc0MTMlMjE1bTIlMjExc2VuJTIxMnN1cyUyMiUyMHdpZHRoJTNEJTIyNjAwJTIyJTIwaGVpZ2h0JTNEJTIyNDUwJTIyJTIwc3R5bGUlM0QlMjJib3JkZXIlM0EwJTNCJTIyJTIwYWxsb3dmdWxsc2NyZWVuJTNEJTIyJTIyJTIwbG9hZGluZyUzRCUyMmxhenklMjIlMjByZWZlcnJlcnBvbGljeSUzRCUyMm5vLXJlZmVycmVyLXdoZW4tZG93bmdyYWRlJTIyJTNFJTNDJTJGaWZyYW1lJTNF&#8221;][\/vc_column][\/vc_row]<\/p>\n<\/div>","protected":false},"excerpt":{"rendered":"<p>[vc_row css=&#8221;.vc_custom_1559548963532{padding-bottom: 35px !important;}&#8221;][vc_column width=&#8221;7\/12&#8243; css=&#8221;.vc_custom_1530458307049{padding-top: 35px !important;padding-right: 15px !important;padding-bottom: 35px !important;padding-left: 15px !important;background-color: #f5f6f6 !important;}&#8221;][vc_custom_heading text=&#8221;Contact Form&#8221; use_theme_fonts=&#8221;yes&#8221; el_class=&#8221;text-uppercase text-primary text-oswald mb-1&#8243;][vc_empty_space height=&#8221;10px&#8221;][\/vc_column][vc_column width=&#8221;5\/12&#8243; el_class=&#8221;contact-info&#8221;][vc_custom_heading text=&#8221;Information Contact&#8221; use_theme_fonts=&#8221;yes&#8221; el_class=&#8221;text-uppercase text-primary text-oswald mb-1&#8243;][vc_empty_space height=&#8221;10px&#8221;][vc_column_text el_class=&#8221;mb-1&#8243;]If you have any questions, please contact us with the following information:[\/vc_column_text][\/vc_column][\/vc_row][vc_row full_width=&#8221;stretch_row_content_no_spaces&#8221;][vc_column][vc_gmaps link=&#8221;#E-8_JTNDaWZyYW1lJTIwc3JjJTNEJTIyaHR0cHMlM0ElMkYlMkZ3d3cuZ29vZ2xlLmNvbSUyRm1hcHMlMkZlbWJlZCUzRnBiJTNEJTIxMW0xNCUyMTFtOCUyMTFtMyUyMTFkMTI1NDI4LjI4NzEwOTM3MjU2JTIxMmQxMDYuNjQ3ODQ3JTIxM2QxMC43NjI2NjclMjEzbTIlMjExaTEwMjQlMjEyaTc2OCUyMTRmMTMuMSUyMTNtMyUyMTFtMiUyMTFzMHgwJTI1M0EweDY4YjIzYjBhYTBiNDI3Y2IlMjEyelE4TzBibWNnVkhrZ1ZHNW9hQ0JEeHFFZ1MyakRyU0JPWVcwZ1ZHaHB3NnB1JTIxNWUwJTIxM20yJTIxMXNlbiUyMTJzdXMlMjE0djE2NTc2ODE3OTc0MTMlMjE1bTIlMjExc2VuJTIxMnN1cyUyMiUyMHdpZHRoJTNEJTIyNjAwJTIyJTIwaGVpZ2h0JTNEJTIyNDUwJTIyJTIwc3R5bGUlM0QlMjJib3JkZXIlM0EwJTNCJTIyJTIwYWxsb3dmdWxsc2NyZWVuJTNEJTIyJTIyJTIwbG9hZGluZyUzRCUyMmxhenklMjIlMjByZWZlcnJlcnBvbGljeSUzRCUyMm5vLXJlZmVycmVyLXdoZW4tZG93bmdyYWRlJTIyJTNFJTNDJTJGaWZyYW1lJTNF&#8221;][\/vc_column][\/vc_row]<\/p>\n","protected":false},"author":1,"featured_media":0,"parent":0,"menu_order":0,"comment_status":"closed","ping_status":"closed","template":"page-templates\/fullwidthpage.php","meta":{"footnotes":""},"class_list":["post-803","page","type-page","status-publish","hentry"],"acf":[],"yoast_head":"<!-- This site is optimized with the Yoast SEO plugin v26.7 - https:\/\/yoast.com\/wordpress\/plugins\/seo\/ -->\n<title>Contact - C\u01a0 KH\u00cd NAM THI\u00caN<\/title>\n<meta name=\"robots\" content=\"index, follow, max-snippet:-1, max-image-preview:large, max-video-preview:-1\" \/>\n<link rel=\"canonical\" href=\"https:\/\/namthien.vn\/en\/contact\/\" \/>\n<meta property=\"og:locale\" content=\"en_US\" \/>\n<meta property=\"og:type\" content=\"article\" \/>\n<meta property=\"og:title\" content=\"Contact - C\u01a0 KH\u00cd NAM THI\u00caN\" \/>\n<meta property=\"og:description\" content=\"[vc_row css=&#8221;.vc_custom_1559548963532{padding-bottom: 35px !important;}&#8221;][vc_column width=&#8221;7\/12&#8243; css=&#8221;.vc_custom_1530458307049{padding-top: 35px !important;padding-right: 15px !important;padding-bottom: 35px !important;padding-left: 15px !important;background-color: #f5f6f6 !important;}&#8221;][vc_custom_heading text=&#8221;Contact Form&#8221; use_theme_fonts=&#8221;yes&#8221; el_class=&#8221;text-uppercase text-primary text-oswald mb-1&#8243;][vc_empty_space height=&#8221;10px&#8221;][\/vc_column][vc_column width=&#8221;5\/12&#8243; el_class=&#8221;contact-info&#8221;][vc_custom_heading text=&#8221;Information Contact&#8221; use_theme_fonts=&#8221;yes&#8221; el_class=&#8221;text-uppercase text-primary text-oswald mb-1&#8243;][vc_empty_space height=&#8221;10px&#8221;][vc_column_text el_class=&#8221;mb-1&#8243;]If you have any questions, please contact us with the following information:[\/vc_column_text][\/vc_column][\/vc_row][vc_row full_width=&#8221;stretch_row_content_no_spaces&#8221;][vc_column][vc_gmaps link=&#8221;#E-8_JTNDaWZyYW1lJTIwc3JjJTNEJTIyaHR0cHMlM0ElMkYlMkZ3d3cuZ29vZ2xlLmNvbSUyRm1hcHMlMkZlbWJlZCUzRnBiJTNEJTIxMW0xNCUyMTFtOCUyMTFtMyUyMTFkMTI1NDI4LjI4NzEwOTM3MjU2JTIxMmQxMDYuNjQ3ODQ3JTIxM2QxMC43NjI2NjclMjEzbTIlMjExaTEwMjQlMjEyaTc2OCUyMTRmMTMuMSUyMTNtMyUyMTFtMiUyMTFzMHgwJTI1M0EweDY4YjIzYjBhYTBiNDI3Y2IlMjEyelE4TzBibWNnVkhrZ1ZHNW9hQ0JEeHFFZ1MyakRyU0JPWVcwZ1ZHaHB3NnB1JTIxNWUwJTIxM20yJTIxMXNlbiUyMTJzdXMlMjE0djE2NTc2ODE3OTc0MTMlMjE1bTIlMjExc2VuJTIxMnN1cyUyMiUyMHdpZHRoJTNEJTIyNjAwJTIyJTIwaGVpZ2h0JTNEJTIyNDUwJTIyJTIwc3R5bGUlM0QlMjJib3JkZXIlM0EwJTNCJTIyJTIwYWxsb3dmdWxsc2NyZWVuJTNEJTIyJTIyJTIwbG9hZGluZyUzRCUyMmxhenklMjIlMjByZWZlcnJlcnBvbGljeSUzRCUyMm5vLXJlZmVycmVyLXdoZW4tZG93bmdyYWRlJTIyJTNFJTNDJTJGaWZyYW1lJTNF&#8221;][\/vc_column][\/vc_row]\" \/>\n<meta property=\"og:url\" content=\"https:\/\/namthien.vn\/en\/contact\/\" \/>\n<meta property=\"og:site_name\" content=\"C\u01a0 KH\u00cd NAM THI\u00caN\" \/>\n<meta property=\"article:modified_time\" content=\"2025-01-21T08:21:41+00:00\" \/>\n<meta name=\"twitter:card\" content=\"summary_large_image\" \/>\n<meta name=\"twitter:label1\" content=\"Est. reading time\" \/>\n\t<meta name=\"twitter:data1\" content=\"1 minute\" \/>\n<script type=\"application\/ld+json\" class=\"yoast-schema-graph\">{\"@context\":\"https:\/\/schema.org\",\"@graph\":[{\"@type\":\"WebPage\",\"@id\":\"https:\/\/namthien.vn\/en\/contact\/\",\"url\":\"https:\/\/namthien.vn\/en\/contact\/\",\"name\":\"Contact - C\u01a0 KH\u00cd NAM THI\u00caN\",\"isPartOf\":{\"@id\":\"https:\/\/namthien.vn\/#website\"},\"datePublished\":\"2022-08-01T03:14:21+00:00\",\"dateModified\":\"2025-01-21T08:21:41+00:00\",\"breadcrumb\":{\"@id\":\"https:\/\/namthien.vn\/en\/contact\/#breadcrumb\"},\"inLanguage\":\"en-US\",\"potentialAction\":[{\"@type\":\"ReadAction\",\"target\":[\"https:\/\/namthien.vn\/en\/contact\/\"]}]},{\"@type\":\"BreadcrumbList\",\"@id\":\"https:\/\/namthien.vn\/en\/contact\/#breadcrumb\",\"itemListElement\":[{\"@type\":\"ListItem\",\"position\":1,\"name\":\"Trang ch\u1ee7\",\"item\":\"https:\/\/namthien.vn\/en\/\"},{\"@type\":\"ListItem\",\"position\":2,\"name\":\"Contact\"}]},{\"@type\":\"WebSite\",\"@id\":\"https:\/\/namthien.vn\/#website\",\"url\":\"https:\/\/namthien.vn\/\",\"name\":\"C\u01a0 KH\u00cd NAM THI\u00caN\",\"description\":\"Chuy\u00ean cung c\u1ea5p c\u00e1c thi\u1ebft b\u1ecb van, l\u00f2 h\u01a1i v\u00e0 ph\u1ee5 t\u00f9ng c\u00f4ng nghi\u1ec7p\",\"potentialAction\":[{\"@type\":\"SearchAction\",\"target\":{\"@type\":\"EntryPoint\",\"urlTemplate\":\"https:\/\/namthien.vn\/?s={search_term_string}\"},\"query-input\":{\"@type\":\"PropertyValueSpecification\",\"valueRequired\":true,\"valueName\":\"search_term_string\"}}],\"inLanguage\":\"en-US\"}]}<\/script>\n<!-- \/ Yoast SEO plugin. -->","yoast_head_json":{"title":"Contact - C\u01a0 KH\u00cd NAM THI\u00caN","robots":{"index":"index","follow":"follow","max-snippet":"max-snippet:-1","max-image-preview":"max-image-preview:large","max-video-preview":"max-video-preview:-1"},"canonical":"https:\/\/namthien.vn\/en\/contact\/","og_locale":"en_US","og_type":"article","og_title":"Contact - C\u01a0 KH\u00cd NAM THI\u00caN","og_description":"[vc_row css=&#8221;.vc_custom_1559548963532{padding-bottom: 35px !important;}&#8221;][vc_column width=&#8221;7\/12&#8243; css=&#8221;.vc_custom_1530458307049{padding-top: 35px !important;padding-right: 15px !important;padding-bottom: 35px !important;padding-left: 15px !important;background-color: #f5f6f6 !important;}&#8221;][vc_custom_heading text=&#8221;Contact Form&#8221; use_theme_fonts=&#8221;yes&#8221; el_class=&#8221;text-uppercase text-primary text-oswald mb-1&#8243;][vc_empty_space height=&#8221;10px&#8221;][\/vc_column][vc_column width=&#8221;5\/12&#8243; el_class=&#8221;contact-info&#8221;][vc_custom_heading text=&#8221;Information Contact&#8221; use_theme_fonts=&#8221;yes&#8221; el_class=&#8221;text-uppercase text-primary text-oswald mb-1&#8243;][vc_empty_space height=&#8221;10px&#8221;][vc_column_text el_class=&#8221;mb-1&#8243;]If you have any questions, please contact us with the following information:[\/vc_column_text][\/vc_column][\/vc_row][vc_row full_width=&#8221;stretch_row_content_no_spaces&#8221;][vc_column][vc_gmaps link=&#8221;#E-8_JTNDaWZyYW1lJTIwc3JjJTNEJTIyaHR0cHMlM0ElMkYlMkZ3d3cuZ29vZ2xlLmNvbSUyRm1hcHMlMkZlbWJlZCUzRnBiJTNEJTIxMW0xNCUyMTFtOCUyMTFtMyUyMTFkMTI1NDI4LjI4NzEwOTM3MjU2JTIxMmQxMDYuNjQ3ODQ3JTIxM2QxMC43NjI2NjclMjEzbTIlMjExaTEwMjQlMjEyaTc2OCUyMTRmMTMuMSUyMTNtMyUyMTFtMiUyMTFzMHgwJTI1M0EweDY4YjIzYjBhYTBiNDI3Y2IlMjEyelE4TzBibWNnVkhrZ1ZHNW9hQ0JEeHFFZ1MyakRyU0JPWVcwZ1ZHaHB3NnB1JTIxNWUwJTIxM20yJTIxMXNlbiUyMTJzdXMlMjE0djE2NTc2ODE3OTc0MTMlMjE1bTIlMjExc2VuJTIxMnN1cyUyMiUyMHdpZHRoJTNEJTIyNjAwJTIyJTIwaGVpZ2h0JTNEJTIyNDUwJTIyJTIwc3R5bGUlM0QlMjJib3JkZXIlM0EwJTNCJTIyJTIwYWxsb3dmdWxsc2NyZWVuJTNEJTIyJTIyJTIwbG9hZGluZyUzRCUyMmxhenklMjIlMjByZWZlcnJlcnBvbGljeSUzRCUyMm5vLXJlZmVycmVyLXdoZW4tZG93bmdyYWRlJTIyJTNFJTNDJTJGaWZyYW1lJTNF&#8221;][\/vc_column][\/vc_row]","og_url":"https:\/\/namthien.vn\/en\/contact\/","og_site_name":"C\u01a0 KH\u00cd NAM THI\u00caN","article_modified_time":"2025-01-21T08:21:41+00:00","twitter_card":"summary_large_image","twitter_misc":{"Est. reading time":"1 minute"},"schema":{"@context":"https:\/\/schema.org","@graph":[{"@type":"WebPage","@id":"https:\/\/namthien.vn\/en\/contact\/","url":"https:\/\/namthien.vn\/en\/contact\/","name":"Contact - C\u01a0 KH\u00cd NAM THI\u00caN","isPartOf":{"@id":"https:\/\/namthien.vn\/#website"},"datePublished":"2022-08-01T03:14:21+00:00","dateModified":"2025-01-21T08:21:41+00:00","breadcrumb":{"@id":"https:\/\/namthien.vn\/en\/contact\/#breadcrumb"},"inLanguage":"en-US","potentialAction":[{"@type":"ReadAction","target":["https:\/\/namthien.vn\/en\/contact\/"]}]},{"@type":"BreadcrumbList","@id":"https:\/\/namthien.vn\/en\/contact\/#breadcrumb","itemListElement":[{"@type":"ListItem","position":1,"name":"Trang ch\u1ee7","item":"https:\/\/namthien.vn\/en\/"},{"@type":"ListItem","position":2,"name":"Contact"}]},{"@type":"WebSite","@id":"https:\/\/namthien.vn\/#website","url":"https:\/\/namthien.vn\/","name":"C\u01a0 KH\u00cd NAM THI\u00caN","description":"Chuy\u00ean cung c\u1ea5p c\u00e1c thi\u1ebft b\u1ecb van, l\u00f2 h\u01a1i v\u00e0 ph\u1ee5 t\u00f9ng c\u00f4ng nghi\u1ec7p","potentialAction":[{"@type":"SearchAction","target":{"@type":"EntryPoint","urlTemplate":"https:\/\/namthien.vn\/?s={search_term_string}"},"query-input":{"@type":"PropertyValueSpecification","valueRequired":true,"valueName":"search_term_string"}}],"inLanguage":"en-US"}]}},"_links":{"self":[{"href":"https:\/\/namthien.vn\/en\/wp-json\/wp\/v2\/pages\/803","targetHints":{"allow":["GET"]}}],"collection":[{"href":"https:\/\/namthien.vn\/en\/wp-json\/wp\/v2\/pages"}],"about":[{"href":"https:\/\/namthien.vn\/en\/wp-json\/wp\/v2\/types\/page"}],"author":[{"embeddable":true,"href":"https:\/\/namthien.vn\/en\/wp-json\/wp\/v2\/users\/1"}],"replies":[{"embeddable":true,"href":"https:\/\/namthien.vn\/en\/wp-json\/wp\/v2\/comments?post=803"}],"version-history":[{"count":4,"href":"https:\/\/namthien.vn\/en\/wp-json\/wp\/v2\/pages\/803\/revisions"}],"predecessor-version":[{"id":1533,"href":"https:\/\/namthien.vn\/en\/wp-json\/wp\/v2\/pages\/803\/revisions\/1533"}],"wp:attachment":[{"href":"https:\/\/namthien.vn\/en\/wp-json\/wp\/v2\/media?parent=803"}],"curies":[{"name":"wp","href":"https:\/\/api.w.org\/{rel}","templated":true}]}}