{"id":831,"date":"2022-08-01T11:26:23","date_gmt":"2022-08-01T04:26:23","guid":{"rendered":"http:\/\/namthien.southteam.co\/?page_id=831"},"modified":"2022-08-01T11:26:23","modified_gmt":"2022-08-01T04:26:23","slug":"general-rules","status":"publish","type":"page","link":"https:\/\/namthien.vn\/en\/general-rules\/","title":{"rendered":"General rules"},"content":{"rendered":"<div class=\"wpb-content-wrapper\"><p>[vc_row][vc_column][vc_column_text]Rights and responsibilities of the seller of the product:<\/p>\n<p>Provide the right product that the customer has selected, be responsible for consulting full features, usage, price &#8230; and other requirements of the customer.<\/p>\n<p>Have the right to request customers to provide full information on: needs, conditions of use, conditions of transportation; warranty conditions; Product exchange, customer care later\u2026<\/p>\n<p>Instruct customers on how to use and maintain the product after purchase and during the use of the product.<\/p>\n<p>There is a product return policy and customer care after customers buy products at the website http:\/\/namthien.vn\/ (Use the new link)<\/p>\n<p>Committed to selling goods of the right quality, goods of clear origin, goods with quality measurement standards in accordance with the provisions of Vietnamese law.<\/p>\n<p>The website has a mechanism for customers to agree to the general provisions of the seller (if any) before making a purchase.<\/p>\n<p>Rights and responsibilities of product buyers:<\/p>\n<p>Provide full information on demand, conditions of use, conditions of transportation; return and exchange conditions; customer care after&#8230; and other conditions (if any) and necessary requirements for the seller to properly and accurately advise on the most suitable products for customers.<\/p>\n<p>The buyer has the right to request the seller to provide all documents and documents related to the product&#8217;s quality, origin, and ingredients so that the buyer can choose and understand the product well before buying and using it. product.<\/p>\n<p>To jointly implement all issues agreed upon by the two parties, in the spirit of cooperation and voluntary.<\/p>\n<p>Provide full information such as: Name, Address, Phone number when the buyer has a need for the seller to deliver the goods to the place or give advice.<\/p>\n<p>Pay the seller in full according to the agreement between the two parties in the purchase\/sale of products.<\/p>\n<p>NAM THIEN MECHANICAL CO., LTD<\/p>\n<p>Main Office: DP12, Dragon Parc 2, Nguyen Huu Tho Street, Phuoc Kien Commune, Nha Be District, City. Ho Chi Minh City<\/p>\n<p>Phone: (+84) 28 35351086<\/p>\n<p>Email: namthien@namthien.vn<\/p>\n<p>Website: http:\/\/namthien.vn\/ (Use new link)[\/vc_column_text][\/vc_column][\/vc_row]<\/p>\n<\/div>","protected":false},"excerpt":{"rendered":"<p>[vc_row][vc_column][vc_column_text]Rights and responsibilities of the seller of the product: Provide the right product that the customer has selected, be responsible for consulting full features, usage, price &#8230; and other requirements of the customer. Have the right to request customers to provide full information on: needs, conditions of use, conditions of transportation; warranty conditions; Product exchange,<\/p>\n","protected":false},"author":1,"featured_media":0,"parent":0,"menu_order":0,"comment_status":"closed","ping_status":"closed","template":"page-templates\/fullwidthpage.php","meta":{"footnotes":""},"class_list":["post-831","page","type-page","status-publish","hentry"],"acf":[],"yoast_head":"<!-- This site is optimized with the Yoast SEO plugin v26.7 - https:\/\/yoast.com\/wordpress\/plugins\/seo\/ -->\n<title>General rules - C\u01a0 KH\u00cd NAM THI\u00caN<\/title>\n<meta name=\"robots\" content=\"index, follow, max-snippet:-1, max-image-preview:large, max-video-preview:-1\" \/>\n<link rel=\"canonical\" href=\"https:\/\/namthien.vn\/en\/general-rules\/\" \/>\n<meta property=\"og:locale\" content=\"en_US\" \/>\n<meta property=\"og:type\" content=\"article\" \/>\n<meta property=\"og:title\" content=\"General rules - C\u01a0 KH\u00cd NAM THI\u00caN\" \/>\n<meta property=\"og:description\" content=\"[vc_row][vc_column][vc_column_text]Rights and responsibilities of the seller of the product: Provide the right product that the customer has selected, be responsible for consulting full features, usage, price &#8230; and other requirements of the customer. Have the right to request customers to provide full information on: needs, conditions of use, conditions of transportation; warranty conditions; Product exchange,\" \/>\n<meta property=\"og:url\" content=\"https:\/\/namthien.vn\/en\/general-rules\/\" \/>\n<meta property=\"og:site_name\" content=\"C\u01a0 KH\u00cd NAM THI\u00caN\" \/>\n<meta name=\"twitter:card\" content=\"summary_large_image\" \/>\n<meta name=\"twitter:label1\" content=\"Est. reading time\" \/>\n\t<meta name=\"twitter:data1\" content=\"2 minutes\" \/>\n<script type=\"application\/ld+json\" class=\"yoast-schema-graph\">{\"@context\":\"https:\/\/schema.org\",\"@graph\":[{\"@type\":\"WebPage\",\"@id\":\"https:\/\/namthien.vn\/en\/general-rules\/\",\"url\":\"https:\/\/namthien.vn\/en\/general-rules\/\",\"name\":\"General rules - C\u01a0 KH\u00cd NAM THI\u00caN\",\"isPartOf\":{\"@id\":\"https:\/\/namthien.vn\/#website\"},\"datePublished\":\"2022-08-01T04:26:23+00:00\",\"breadcrumb\":{\"@id\":\"https:\/\/namthien.vn\/en\/general-rules\/#breadcrumb\"},\"inLanguage\":\"en-US\",\"potentialAction\":[{\"@type\":\"ReadAction\",\"target\":[\"https:\/\/namthien.vn\/en\/general-rules\/\"]}]},{\"@type\":\"BreadcrumbList\",\"@id\":\"https:\/\/namthien.vn\/en\/general-rules\/#breadcrumb\",\"itemListElement\":[{\"@type\":\"ListItem\",\"position\":1,\"name\":\"Trang ch\u1ee7\",\"item\":\"https:\/\/namthien.vn\/en\/\"},{\"@type\":\"ListItem\",\"position\":2,\"name\":\"General rules\"}]},{\"@type\":\"WebSite\",\"@id\":\"https:\/\/namthien.vn\/#website\",\"url\":\"https:\/\/namthien.vn\/\",\"name\":\"C\u01a0 KH\u00cd NAM THI\u00caN\",\"description\":\"Chuy\u00ean cung c\u1ea5p c\u00e1c thi\u1ebft b\u1ecb van, l\u00f2 h\u01a1i v\u00e0 ph\u1ee5 t\u00f9ng c\u00f4ng nghi\u1ec7p\",\"potentialAction\":[{\"@type\":\"SearchAction\",\"target\":{\"@type\":\"EntryPoint\",\"urlTemplate\":\"https:\/\/namthien.vn\/?s={search_term_string}\"},\"query-input\":{\"@type\":\"PropertyValueSpecification\",\"valueRequired\":true,\"valueName\":\"search_term_string\"}}],\"inLanguage\":\"en-US\"}]}<\/script>\n<!-- \/ Yoast SEO plugin. -->","yoast_head_json":{"title":"General rules - C\u01a0 KH\u00cd NAM THI\u00caN","robots":{"index":"index","follow":"follow","max-snippet":"max-snippet:-1","max-image-preview":"max-image-preview:large","max-video-preview":"max-video-preview:-1"},"canonical":"https:\/\/namthien.vn\/en\/general-rules\/","og_locale":"en_US","og_type":"article","og_title":"General rules - C\u01a0 KH\u00cd NAM THI\u00caN","og_description":"[vc_row][vc_column][vc_column_text]Rights and responsibilities of the seller of the product: Provide the right product that the customer has selected, be responsible for consulting full features, usage, price &#8230; and other requirements of the customer. Have the right to request customers to provide full information on: needs, conditions of use, conditions of transportation; warranty conditions; Product exchange,","og_url":"https:\/\/namthien.vn\/en\/general-rules\/","og_site_name":"C\u01a0 KH\u00cd NAM THI\u00caN","twitter_card":"summary_large_image","twitter_misc":{"Est. reading time":"2 minutes"},"schema":{"@context":"https:\/\/schema.org","@graph":[{"@type":"WebPage","@id":"https:\/\/namthien.vn\/en\/general-rules\/","url":"https:\/\/namthien.vn\/en\/general-rules\/","name":"General rules - C\u01a0 KH\u00cd NAM THI\u00caN","isPartOf":{"@id":"https:\/\/namthien.vn\/#website"},"datePublished":"2022-08-01T04:26:23+00:00","breadcrumb":{"@id":"https:\/\/namthien.vn\/en\/general-rules\/#breadcrumb"},"inLanguage":"en-US","potentialAction":[{"@type":"ReadAction","target":["https:\/\/namthien.vn\/en\/general-rules\/"]}]},{"@type":"BreadcrumbList","@id":"https:\/\/namthien.vn\/en\/general-rules\/#breadcrumb","itemListElement":[{"@type":"ListItem","position":1,"name":"Trang ch\u1ee7","item":"https:\/\/namthien.vn\/en\/"},{"@type":"ListItem","position":2,"name":"General rules"}]},{"@type":"WebSite","@id":"https:\/\/namthien.vn\/#website","url":"https:\/\/namthien.vn\/","name":"C\u01a0 KH\u00cd NAM THI\u00caN","description":"Chuy\u00ean cung c\u1ea5p c\u00e1c thi\u1ebft b\u1ecb van, l\u00f2 h\u01a1i v\u00e0 ph\u1ee5 t\u00f9ng c\u00f4ng nghi\u1ec7p","potentialAction":[{"@type":"SearchAction","target":{"@type":"EntryPoint","urlTemplate":"https:\/\/namthien.vn\/?s={search_term_string}"},"query-input":{"@type":"PropertyValueSpecification","valueRequired":true,"valueName":"search_term_string"}}],"inLanguage":"en-US"}]}},"_links":{"self":[{"href":"https:\/\/namthien.vn\/en\/wp-json\/wp\/v2\/pages\/831","targetHints":{"allow":["GET"]}}],"collection":[{"href":"https:\/\/namthien.vn\/en\/wp-json\/wp\/v2\/pages"}],"about":[{"href":"https:\/\/namthien.vn\/en\/wp-json\/wp\/v2\/types\/page"}],"author":[{"embeddable":true,"href":"https:\/\/namthien.vn\/en\/wp-json\/wp\/v2\/users\/1"}],"replies":[{"embeddable":true,"href":"https:\/\/namthien.vn\/en\/wp-json\/wp\/v2\/comments?post=831"}],"version-history":[{"count":2,"href":"https:\/\/namthien.vn\/en\/wp-json\/wp\/v2\/pages\/831\/revisions"}],"predecessor-version":[{"id":833,"href":"https:\/\/namthien.vn\/en\/wp-json\/wp\/v2\/pages\/831\/revisions\/833"}],"wp:attachment":[{"href":"https:\/\/namthien.vn\/en\/wp-json\/wp\/v2\/media?parent=831"}],"curies":[{"name":"wp","href":"https:\/\/api.w.org\/{rel}","templated":true}]}}